{"id":778,"date":"2026-04-18T18:14:45","date_gmt":"2026-04-18T16:14:45","guid":{"rendered":"https:\/\/chateaudeseix.fr\/?page_id=778"},"modified":"2026-04-18T18:21:57","modified_gmt":"2026-04-18T16:21:57","slug":"calendrier-des-ouvertures","status":"publish","type":"page","link":"https:\/\/chateaudeseix.fr\/?page_id=778","title":{"rendered":"Calendrier des ouvertures"},"content":{"rendered":"\t\t<div data-elementor-type=\"wp-page\" data-elementor-id=\"778\" class=\"elementor elementor-778\">\n\t\t\t\t\t\t<section class=\"elementor-section elementor-top-section elementor-element elementor-element-a2034bc elementor-section-boxed elementor-section-height-default elementor-section-height-default\" data-id=\"a2034bc\" data-element_type=\"section\">\n\t\t\t\t\t\t<div class=\"elementor-container elementor-column-gap-default\">\n\t\t\t\t\t<div class=\"elementor-column elementor-col-100 elementor-top-column elementor-element elementor-element-61f3173\" data-id=\"61f3173\" data-element_type=\"column\">\n\t\t\t<div class=\"elementor-widget-wrap elementor-element-populated\">\n\t\t\t\t\t\t<section class=\"elementor-section elementor-inner-section elementor-element elementor-element-dd26a4f elementor-section-boxed elementor-section-height-default elementor-section-height-default\" data-id=\"dd26a4f\" data-element_type=\"section\">\n\t\t\t\t\t\t<div class=\"elementor-container elementor-column-gap-default\">\n\t\t\t\t\t<div class=\"elementor-column elementor-col-50 elementor-inner-column elementor-element elementor-element-89a140a\" data-id=\"89a140a\" data-element_type=\"column\">\n\t\t\t<div class=\"elementor-widget-wrap elementor-element-populated\">\n\t\t\t\t\t\t<div class=\"elementor-element elementor-element-df18be8 elementor-widget elementor-widget-text-editor\" data-id=\"df18be8\" data-element_type=\"widget\" data-widget_type=\"text-editor.default\">\n\t\t\t\t<div class=\"elementor-widget-container\">\n\t\t\t\t\t\t\t<h2><strong>Etes-vous ouvert ?<\/strong><\/h2><p>Le ch\u00e2teau est g\u00e9n\u00e9ralement ouvert ainsi :<\/p><ul><li>lors des vacances scolaires de la zone C<\/li><li>les week-ends entre avril et novembre<\/li><li>les jours f\u00e9ri\u00e9s<\/li><li>les ponts<\/li><\/ul><p>Nous ouvrons aussi lors &#8220;d&#8217;occasions sp\u00e9ciales&#8221;, tels le Lum festival (week-end de l&#8217;Ascension) ou pour les Journ\u00e9es du patrimoine, avec des horaires particuliers.<\/p><p>Afin de vous y retrouver, consultez le calendrier ci-contre !<\/p><p>Il est possible \u00e9galement d&#8217;accueillir les groupes \u00e0 partir de 10 personnes, pour une visite simple ou des m\u00e9diations sp\u00e9cifiques. Contactez-nous pour en savoir davantage !<\/p>\t\t\t\t\t\t<\/div>\n\t\t\t\t<\/div>\n\t\t\t\t\t<\/div>\n\t\t<\/div>\n\t\t\t\t<div class=\"elementor-column elementor-col-50 elementor-inner-column elementor-element elementor-element-b69abe5\" data-id=\"b69abe5\" data-element_type=\"column\">\n\t\t\t<div class=\"elementor-widget-wrap elementor-element-populated\">\n\t\t\t\t\t\t<div class=\"elementor-element elementor-element-b6e9269 elementor-widget elementor-widget-image\" data-id=\"b6e9269\" data-element_type=\"widget\" data-widget_type=\"image.default\">\n\t\t\t\t<div class=\"elementor-widget-container\">\n\t\t\t\t\t\t\t\t\t\t\t\t\t<img fetchpriority=\"high\" decoding=\"async\" width=\"724\" height=\"1024\" src=\"https:\/\/chateaudeseix.fr\/wp-content\/uploads\/2026\/04\/calendrier-ouverture-20261-724x1024.jpg\" class=\"attachment-large size-large wp-image-751\" alt=\"\" srcset=\"https:\/\/chateaudeseix.fr\/wp-content\/uploads\/2026\/04\/calendrier-ouverture-20261-724x1024.jpg 724w, https:\/\/chateaudeseix.fr\/wp-content\/uploads\/2026\/04\/calendrier-ouverture-20261-212x300.jpg 212w, https:\/\/chateaudeseix.fr\/wp-content\/uploads\/2026\/04\/calendrier-ouverture-20261-768x1086.jpg 768w, https:\/\/chateaudeseix.fr\/wp-content\/uploads\/2026\/04\/calendrier-ouverture-20261-1086x1536.jpg 1086w, https:\/\/chateaudeseix.fr\/wp-content\/uploads\/2026\/04\/calendrier-ouverture-20261.jpg 1414w\" sizes=\"(max-width: 724px) 100vw, 724px\" \/>\t\t\t\t\t\t\t\t\t\t\t\t\t<\/div>\n\t\t\t\t<\/div>\n\t\t\t\t\t<\/div>\n\t\t<\/div>\n\t\t\t\t\t<\/div>\n\t\t<\/section>\n\t\t\t\t\t<\/div>\n\t\t<\/div>\n\t\t\t\t\t<\/div>\n\t\t<\/section>\n\t\t\t\t<\/div>\n\t\t","protected":false},"excerpt":{"rendered":"<p>Etes-vous ouvert ? Le ch\u00e2teau est g\u00e9n\u00e9ralement ouvert ainsi : lors des vacances scolaires de la zone C les week-ends entre avril et novembre les jours f\u00e9ri\u00e9s les ponts Nous ouvrons aussi lors &#8220;d&#8217;occasions sp\u00e9ciales&#8221;, tels le Lum festival (week-end de l&#8217;Ascension) ou pour les Journ\u00e9es du patrimoine, avec des horaires particuliers. Afin de vous [&hellip;]<\/p>\n","protected":false},"author":1,"featured_media":0,"parent":0,"menu_order":0,"comment_status":"closed","ping_status":"closed","template":"","meta":{"ocean_post_layout":"","ocean_both_sidebars_style":"","ocean_both_sidebars_content_width":0,"ocean_both_sidebars_sidebars_width":0,"ocean_sidebar":"","ocean_second_sidebar":"","ocean_disable_margins":"enable","ocean_add_body_class":"","ocean_shortcode_before_top_bar":"","ocean_shortcode_after_top_bar":"","ocean_shortcode_before_header":"","ocean_shortcode_after_header":"","ocean_has_shortcode":"","ocean_shortcode_after_title":"","ocean_shortcode_before_footer_widgets":"","ocean_shortcode_after_footer_widgets":"","ocean_shortcode_before_footer_bottom":"","ocean_shortcode_after_footer_bottom":"","ocean_display_top_bar":"default","ocean_display_header":"default","ocean_header_style":"","ocean_center_header_left_menu":"","ocean_custom_header_template":"","ocean_custom_logo":0,"ocean_custom_retina_logo":0,"ocean_custom_logo_max_width":0,"ocean_custom_logo_tablet_max_width":0,"ocean_custom_logo_mobile_max_width":0,"ocean_custom_logo_max_height":0,"ocean_custom_logo_tablet_max_height":0,"ocean_custom_logo_mobile_max_height":0,"ocean_header_custom_menu":"","ocean_menu_typo_font_family":"","ocean_menu_typo_font_subset":"","ocean_menu_typo_font_size":0,"ocean_menu_typo_font_size_tablet":0,"ocean_menu_typo_font_size_mobile":0,"ocean_menu_typo_font_size_unit":"px","ocean_menu_typo_font_weight":"","ocean_menu_typo_font_weight_tablet":"","ocean_menu_typo_font_weight_mobile":"","ocean_menu_typo_transform":"","ocean_menu_typo_transform_tablet":"","ocean_menu_typo_transform_mobile":"","ocean_menu_typo_line_height":0,"ocean_menu_typo_line_height_tablet":0,"ocean_menu_typo_line_height_mobile":0,"ocean_menu_typo_line_height_unit":"","ocean_menu_typo_spacing":0,"ocean_menu_typo_spacing_tablet":0,"ocean_menu_typo_spacing_mobile":0,"ocean_menu_typo_spacing_unit":"","ocean_menu_link_color":"","ocean_menu_link_color_hover":"","ocean_menu_link_color_active":"","ocean_menu_link_background":"","ocean_menu_link_hover_background":"","ocean_menu_link_active_background":"","ocean_menu_social_links_bg":"","ocean_menu_social_hover_links_bg":"","ocean_menu_social_links_color":"","ocean_menu_social_hover_links_color":"","ocean_disable_title":"default","ocean_disable_heading":"default","ocean_post_title":"","ocean_post_subheading":"","ocean_post_title_style":"","ocean_post_title_background_color":"","ocean_post_title_background":0,"ocean_post_title_bg_image_position":"","ocean_post_title_bg_image_attachment":"","ocean_post_title_bg_image_repeat":"","ocean_post_title_bg_image_size":"","ocean_post_title_height":0,"ocean_post_title_bg_overlay":0.5,"ocean_post_title_bg_overlay_color":"","ocean_disable_breadcrumbs":"default","ocean_breadcrumbs_color":"","ocean_breadcrumbs_separator_color":"","ocean_breadcrumbs_links_color":"","ocean_breadcrumbs_links_hover_color":"","ocean_display_footer_widgets":"default","ocean_display_footer_bottom":"default","ocean_custom_footer_template":"","footnotes":""},"class_list":["post-778","page","type-page","status-publish","hentry","entry"],"_links":{"self":[{"href":"https:\/\/chateaudeseix.fr\/index.php?rest_route=\/wp\/v2\/pages\/778","targetHints":{"allow":["GET"]}}],"collection":[{"href":"https:\/\/chateaudeseix.fr\/index.php?rest_route=\/wp\/v2\/pages"}],"about":[{"href":"https:\/\/chateaudeseix.fr\/index.php?rest_route=\/wp\/v2\/types\/page"}],"author":[{"embeddable":true,"href":"https:\/\/chateaudeseix.fr\/index.php?rest_route=\/wp\/v2\/users\/1"}],"replies":[{"embeddable":true,"href":"https:\/\/chateaudeseix.fr\/index.php?rest_route=%2Fwp%2Fv2%2Fcomments&post=778"}],"version-history":[{"count":4,"href":"https:\/\/chateaudeseix.fr\/index.php?rest_route=\/wp\/v2\/pages\/778\/revisions"}],"predecessor-version":[{"id":782,"href":"https:\/\/chateaudeseix.fr\/index.php?rest_route=\/wp\/v2\/pages\/778\/revisions\/782"}],"wp:attachment":[{"href":"https:\/\/chateaudeseix.fr\/index.php?rest_route=%2Fwp%2Fv2%2Fmedia&parent=778"}],"curies":[{"name":"wp","href":"https:\/\/api.w.org\/{rel}","templated":true}]}}