{"id":75,"date":"2023-02-14T14:37:10","date_gmt":"2023-02-14T13:37:10","guid":{"rendered":"http:\/\/chateaudeseix.fr\/?page_id=75"},"modified":"2023-10-29T17:56:39","modified_gmt":"2023-10-29T16:56:39","slug":"espace-nature","status":"publish","type":"page","link":"https:\/\/chateaudeseix.fr\/?page_id=75","title":{"rendered":"Espace nature"},"content":{"rendered":"\t\t<div data-elementor-type=\"wp-page\" data-elementor-id=\"75\" class=\"elementor elementor-75\">\n\t\t\t\t\t\t<section class=\"elementor-section elementor-top-section elementor-element elementor-element-760b433 elementor-section-boxed elementor-section-height-default elementor-section-height-default\" data-id=\"760b433\" data-element_type=\"section\">\n\t\t\t\t\t\t<div class=\"elementor-container elementor-column-gap-default\">\n\t\t\t\t\t<div class=\"elementor-column elementor-col-100 elementor-top-column elementor-element elementor-element-b48c7ec\" data-id=\"b48c7ec\" data-element_type=\"column\">\n\t\t\t<div class=\"elementor-widget-wrap elementor-element-populated\">\n\t\t\t\t\t\t<div class=\"elementor-element elementor-element-2c2aad9 elementor-widget elementor-widget-text-editor\" data-id=\"2c2aad9\" data-element_type=\"widget\" data-widget_type=\"text-editor.default\">\n\t\t\t\t<div class=\"elementor-widget-container\">\n\t\t\t\t\t\t\t<h2>Le bouquetin s&#8217;expose !<\/h2><p>Au troisi\u00e8me \u00e9tage, une sc\u00e9nographie didactique et ludique, tr\u00e8s compl\u00e8te, se consacre \u00e0 cet animal embl\u00e9matique des cimes. En tant que Maison du Parc naturel r\u00e9gional, c&#8217;est une exposition &#8220;\u00e0 la hauteur&#8221; !<\/p>\t\t\t\t\t\t<\/div>\n\t\t\t\t<\/div>\n\t\t\t\t\t<\/div>\n\t\t<\/div>\n\t\t\t\t\t<\/div>\n\t\t<\/section>\n\t\t\t\t<section class=\"elementor-section elementor-top-section elementor-element elementor-element-f7c02fc elementor-section-boxed elementor-section-height-default elementor-section-height-default\" data-id=\"f7c02fc\" data-element_type=\"section\">\n\t\t\t\t\t\t<div class=\"elementor-container elementor-column-gap-default\">\n\t\t\t\t\t<div class=\"elementor-column elementor-col-66 elementor-top-column elementor-element elementor-element-feb279d\" data-id=\"feb279d\" data-element_type=\"column\">\n\t\t\t<div class=\"elementor-widget-wrap elementor-element-populated\">\n\t\t\t\t\t\t<div class=\"elementor-element elementor-element-0b9fc88 elementor-widget elementor-widget-image\" data-id=\"0b9fc88\" data-element_type=\"widget\" data-widget_type=\"image.default\">\n\t\t\t\t<div class=\"elementor-widget-container\">\n\t\t\t\t\t\t\t\t\t\t\t\t\t<img fetchpriority=\"high\" decoding=\"async\" width=\"1024\" height=\"688\" src=\"https:\/\/chateaudeseix.fr\/wp-content\/uploads\/2023\/02\/20220702_164021-1024x688.jpg\" class=\"attachment-large size-large wp-image-147\" alt=\"\" srcset=\"https:\/\/chateaudeseix.fr\/wp-content\/uploads\/2023\/02\/20220702_164021-1024x688.jpg 1024w, https:\/\/chateaudeseix.fr\/wp-content\/uploads\/2023\/02\/20220702_164021-300x201.jpg 300w, https:\/\/chateaudeseix.fr\/wp-content\/uploads\/2023\/02\/20220702_164021-768x516.jpg 768w, https:\/\/chateaudeseix.fr\/wp-content\/uploads\/2023\/02\/20220702_164021-1536x1032.jpg 1536w, https:\/\/chateaudeseix.fr\/wp-content\/uploads\/2023\/02\/20220702_164021-2048x1375.jpg 2048w\" sizes=\"(max-width: 1024px) 100vw, 1024px\" \/>\t\t\t\t\t\t\t\t\t\t\t\t\t<\/div>\n\t\t\t\t<\/div>\n\t\t\t\t\t<\/div>\n\t\t<\/div>\n\t\t\t\t<div class=\"elementor-column elementor-col-33 elementor-top-column elementor-element elementor-element-2fd2032\" data-id=\"2fd2032\" data-element_type=\"column\">\n\t\t\t<div class=\"elementor-widget-wrap elementor-element-populated\">\n\t\t\t\t\t\t<div class=\"elementor-element elementor-element-31e6a51 elementor-widget elementor-widget-text-editor\" data-id=\"31e6a51\" data-element_type=\"widget\" data-widget_type=\"text-editor.default\">\n\t\t\t\t<div class=\"elementor-widget-container\">\n\t\t\t\t\t\t\t<p>Pourquoi a-t-il disparu des Pyr\u00e9n\u00e9es ? A quoi lui servent ses grandes cornes ? Est-ce le m\u00eame que dans les Alpes ? Que mange-t-il ? D\u2019o\u00f9 viennent les bouquetins r\u00e9introduits \u00e0 Cagateille et Coumebi\u00e8re ? Pourquoi ont-ils des colliers ?<\/p><p>Vous le saurez en venant d\u00e9couvrir la grande exposition qui lui est consacr\u00e9e au Ch\u00e2teau de Seix ! Richement illustr\u00e9e, elle pr\u00e9sente son histoire dans les Pyr\u00e9n\u00e9es, son cycle de vie, ses particularit\u00e9s et sa r\u00e9introduction&#8230;<\/p>\t\t\t\t\t\t<\/div>\n\t\t\t\t<\/div>\n\t\t\t\t\t<\/div>\n\t\t<\/div>\n\t\t\t\t\t<\/div>\n\t\t<\/section>\n\t\t\t\t<\/div>\n\t\t","protected":false},"excerpt":{"rendered":"<p>Le bouquetin s&#8217;expose ! Au troisi\u00e8me \u00e9tage, une sc\u00e9nographie didactique et ludique, tr\u00e8s compl\u00e8te, se consacre \u00e0 cet animal embl\u00e9matique des cimes. En tant que Maison du Parc naturel r\u00e9gional, c&#8217;est une exposition &#8220;\u00e0 la hauteur&#8221; ! Pourquoi a-t-il disparu des Pyr\u00e9n\u00e9es ? A quoi lui servent ses grandes cornes ? Est-ce le m\u00eame que [&hellip;]<\/p>\n","protected":false},"author":1,"featured_media":0,"parent":0,"menu_order":0,"comment_status":"closed","ping_status":"closed","template":"","meta":{"ocean_post_layout":"","ocean_both_sidebars_style":"","ocean_both_sidebars_content_width":0,"ocean_both_sidebars_sidebars_width":0,"ocean_sidebar":"","ocean_second_sidebar":"","ocean_disable_margins":"enable","ocean_add_body_class":"","ocean_shortcode_before_top_bar":"","ocean_shortcode_after_top_bar":"","ocean_shortcode_before_header":"","ocean_shortcode_after_header":"","ocean_has_shortcode":"","ocean_shortcode_after_title":"","ocean_shortcode_before_footer_widgets":"","ocean_shortcode_after_footer_widgets":"","ocean_shortcode_before_footer_bottom":"","ocean_shortcode_after_footer_bottom":"","ocean_display_top_bar":"default","ocean_display_header":"default","ocean_header_style":"","ocean_center_header_left_menu":"","ocean_custom_header_template":"","ocean_custom_logo":0,"ocean_custom_retina_logo":0,"ocean_custom_logo_max_width":0,"ocean_custom_logo_tablet_max_width":0,"ocean_custom_logo_mobile_max_width":0,"ocean_custom_logo_max_height":0,"ocean_custom_logo_tablet_max_height":0,"ocean_custom_logo_mobile_max_height":0,"ocean_header_custom_menu":"","ocean_menu_typo_font_family":"","ocean_menu_typo_font_subset":"","ocean_menu_typo_font_size":0,"ocean_menu_typo_font_size_tablet":0,"ocean_menu_typo_font_size_mobile":0,"ocean_menu_typo_font_size_unit":"px","ocean_menu_typo_font_weight":"","ocean_menu_typo_font_weight_tablet":"","ocean_menu_typo_font_weight_mobile":"","ocean_menu_typo_transform":"","ocean_menu_typo_transform_tablet":"","ocean_menu_typo_transform_mobile":"","ocean_menu_typo_line_height":0,"ocean_menu_typo_line_height_tablet":0,"ocean_menu_typo_line_height_mobile":0,"ocean_menu_typo_line_height_unit":"","ocean_menu_typo_spacing":0,"ocean_menu_typo_spacing_tablet":0,"ocean_menu_typo_spacing_mobile":0,"ocean_menu_typo_spacing_unit":"","ocean_menu_link_color":"","ocean_menu_link_color_hover":"","ocean_menu_link_color_active":"","ocean_menu_link_background":"","ocean_menu_link_hover_background":"","ocean_menu_link_active_background":"","ocean_menu_social_links_bg":"","ocean_menu_social_hover_links_bg":"","ocean_menu_social_links_color":"","ocean_menu_social_hover_links_color":"","ocean_disable_title":"default","ocean_disable_heading":"default","ocean_post_title":"","ocean_post_subheading":"","ocean_post_title_style":"","ocean_post_title_background_color":"","ocean_post_title_background":0,"ocean_post_title_bg_image_position":"","ocean_post_title_bg_image_attachment":"","ocean_post_title_bg_image_repeat":"","ocean_post_title_bg_image_size":"","ocean_post_title_height":0,"ocean_post_title_bg_overlay":0.5,"ocean_post_title_bg_overlay_color":"","ocean_disable_breadcrumbs":"default","ocean_breadcrumbs_color":"","ocean_breadcrumbs_separator_color":"","ocean_breadcrumbs_links_color":"","ocean_breadcrumbs_links_hover_color":"","ocean_display_footer_widgets":"default","ocean_display_footer_bottom":"default","ocean_custom_footer_template":"","footnotes":""},"class_list":["post-75","page","type-page","status-publish","hentry","entry"],"_links":{"self":[{"href":"https:\/\/chateaudeseix.fr\/index.php?rest_route=\/wp\/v2\/pages\/75","targetHints":{"allow":["GET"]}}],"collection":[{"href":"https:\/\/chateaudeseix.fr\/index.php?rest_route=\/wp\/v2\/pages"}],"about":[{"href":"https:\/\/chateaudeseix.fr\/index.php?rest_route=\/wp\/v2\/types\/page"}],"author":[{"embeddable":true,"href":"https:\/\/chateaudeseix.fr\/index.php?rest_route=\/wp\/v2\/users\/1"}],"replies":[{"embeddable":true,"href":"https:\/\/chateaudeseix.fr\/index.php?rest_route=%2Fwp%2Fv2%2Fcomments&post=75"}],"version-history":[{"count":7,"href":"https:\/\/chateaudeseix.fr\/index.php?rest_route=\/wp\/v2\/pages\/75\/revisions"}],"predecessor-version":[{"id":281,"href":"https:\/\/chateaudeseix.fr\/index.php?rest_route=\/wp\/v2\/pages\/75\/revisions\/281"}],"wp:attachment":[{"href":"https:\/\/chateaudeseix.fr\/index.php?rest_route=%2Fwp%2Fv2%2Fmedia&parent=75"}],"curies":[{"name":"wp","href":"https:\/\/api.w.org\/{rel}","templated":true}]}}