{"id":74,"date":"2023-02-14T14:37:10","date_gmt":"2023-02-14T13:37:10","guid":{"rendered":"http:\/\/chateaudeseix.fr\/?page_id=74"},"modified":"2025-09-21T15:43:59","modified_gmt":"2025-09-21T13:43:59","slug":"espace-creation","status":"publish","type":"page","link":"https:\/\/chateaudeseix.fr\/?page_id=74","title":{"rendered":"Espace cr\u00e9ation"},"content":{"rendered":"\t\t<div data-elementor-type=\"wp-page\" data-elementor-id=\"74\" class=\"elementor elementor-74\">\n\t\t\t\t\t\t<section class=\"elementor-section elementor-top-section elementor-element elementor-element-65c7eef elementor-section-boxed elementor-section-height-default elementor-section-height-default\" data-id=\"65c7eef\" data-element_type=\"section\">\n\t\t\t\t\t\t<div class=\"elementor-container elementor-column-gap-default\">\n\t\t\t\t\t<div class=\"elementor-column elementor-col-100 elementor-top-column elementor-element elementor-element-83fc986\" data-id=\"83fc986\" data-element_type=\"column\">\n\t\t\t<div class=\"elementor-widget-wrap elementor-element-populated\">\n\t\t\t\t\t\t<div class=\"elementor-element elementor-element-94dd5ed elementor-widget elementor-widget-spacer\" data-id=\"94dd5ed\" data-element_type=\"widget\" data-widget_type=\"spacer.default\">\n\t\t\t\t<div class=\"elementor-widget-container\">\n\t\t\t\t\t<div class=\"elementor-spacer\">\n\t\t\t<div class=\"elementor-spacer-inner\"><\/div>\n\t\t<\/div>\n\t\t\t\t<\/div>\n\t\t\t\t<\/div>\n\t\t\t\t\t<\/div>\n\t\t<\/div>\n\t\t\t\t\t<\/div>\n\t\t<\/section>\n\t\t\t\t<section class=\"elementor-section elementor-top-section elementor-element elementor-element-b4c3518 elementor-section-boxed elementor-section-height-default elementor-section-height-default\" data-id=\"b4c3518\" data-element_type=\"section\">\n\t\t\t\t\t\t<div class=\"elementor-container elementor-column-gap-default\">\n\t\t\t\t\t<div class=\"elementor-column elementor-col-100 elementor-top-column elementor-element elementor-element-6396d44\" data-id=\"6396d44\" data-element_type=\"column\">\n\t\t\t<div class=\"elementor-widget-wrap\">\n\t\t\t\t\t\t\t<\/div>\n\t\t<\/div>\n\t\t\t\t\t<\/div>\n\t\t<\/section>\n\t\t\t\t<section class=\"elementor-section elementor-top-section elementor-element elementor-element-70c9111 elementor-section-boxed elementor-section-height-default elementor-section-height-default\" data-id=\"70c9111\" data-element_type=\"section\">\n\t\t\t\t\t\t<div class=\"elementor-container elementor-column-gap-default\">\n\t\t\t\t\t<div class=\"elementor-column elementor-col-100 elementor-top-column elementor-element elementor-element-949b85d\" data-id=\"949b85d\" data-element_type=\"column\">\n\t\t\t<div class=\"elementor-widget-wrap elementor-element-populated\">\n\t\t\t\t\t\t<div class=\"elementor-element elementor-element-90d191b elementor-widget elementor-widget-heading\" data-id=\"90d191b\" data-element_type=\"widget\" data-widget_type=\"heading.default\">\n\t\t\t\t<div class=\"elementor-widget-container\">\n\t\t\t<h2 class=\"elementor-heading-title elementor-size-default\">Du 13 septembre au 2 novembre 2025<\/h2>\t\t<\/div>\n\t\t\t\t<\/div>\n\t\t\t\t\t<\/div>\n\t\t<\/div>\n\t\t\t\t\t<\/div>\n\t\t<\/section>\n\t\t\t\t<section class=\"elementor-section elementor-top-section elementor-element elementor-element-a8f391f elementor-section-boxed elementor-section-height-default elementor-section-height-default\" data-id=\"a8f391f\" data-element_type=\"section\">\n\t\t\t\t\t\t<div class=\"elementor-container elementor-column-gap-default\">\n\t\t\t\t\t<div class=\"elementor-column elementor-col-100 elementor-top-column elementor-element elementor-element-7f838a6\" data-id=\"7f838a6\" data-element_type=\"column\">\n\t\t\t<div class=\"elementor-widget-wrap elementor-element-populated\">\n\t\t\t\t\t\t<div class=\"elementor-element elementor-element-910935a elementor-widget-divider--view-line elementor-widget elementor-widget-divider\" data-id=\"910935a\" data-element_type=\"widget\" data-widget_type=\"divider.default\">\n\t\t\t\t<div class=\"elementor-widget-container\">\n\t\t\t\t\t<div class=\"elementor-divider\">\n\t\t\t<span class=\"elementor-divider-separator\">\n\t\t\t\t\t\t<\/span>\n\t\t<\/div>\n\t\t\t\t<\/div>\n\t\t\t\t<\/div>\n\t\t\t\t\t<\/div>\n\t\t<\/div>\n\t\t\t\t\t<\/div>\n\t\t<\/section>\n\t\t\t\t<section class=\"elementor-section elementor-top-section elementor-element elementor-element-2c4939c elementor-section-boxed elementor-section-height-default elementor-section-height-default\" data-id=\"2c4939c\" data-element_type=\"section\">\n\t\t\t\t\t\t<div class=\"elementor-container elementor-column-gap-default\">\n\t\t\t\t\t<div class=\"elementor-column elementor-col-33 elementor-top-column elementor-element elementor-element-40e7c12\" data-id=\"40e7c12\" data-element_type=\"column\">\n\t\t\t<div class=\"elementor-widget-wrap elementor-element-populated\">\n\t\t\t\t\t\t<div class=\"elementor-element elementor-element-ea5ecc2 elementor-widget elementor-widget-heading\" data-id=\"ea5ecc2\" data-element_type=\"widget\" data-widget_type=\"heading.default\">\n\t\t\t\t<div class=\"elementor-widget-container\">\n\t\t\t<h2 class=\"elementor-heading-title elementor-size-default\">Laure Boin :<span style=\"color: rgba(0,0,0,var(--O42jJQ,1)); caret-color: rgb(0, 0, 0); --Ys-XuQ: none; font-weight: 700; font-style: normal; font-kerning: none;\"> la profondeur de la toile<\/span><\/h2>\t\t<\/div>\n\t\t\t\t<\/div>\n\t\t\t\t<div class=\"elementor-element elementor-element-41ca154 elementor-widget__width-initial elementor-widget elementor-widget-image\" data-id=\"41ca154\" data-element_type=\"widget\" data-widget_type=\"image.default\">\n\t\t\t\t<div class=\"elementor-widget-container\">\n\t\t\t\t\t\t\t\t\t\t\t\t\t<img fetchpriority=\"high\" decoding=\"async\" width=\"907\" height=\"1024\" src=\"https:\/\/chateaudeseix.fr\/wp-content\/uploads\/2025\/09\/dans-latelier-907x1024.jpg\" class=\"attachment-large size-large wp-image-673\" alt=\"\" srcset=\"https:\/\/chateaudeseix.fr\/wp-content\/uploads\/2025\/09\/dans-latelier-907x1024.jpg 907w, https:\/\/chateaudeseix.fr\/wp-content\/uploads\/2025\/09\/dans-latelier-266x300.jpg 266w, https:\/\/chateaudeseix.fr\/wp-content\/uploads\/2025\/09\/dans-latelier-768x867.jpg 768w, https:\/\/chateaudeseix.fr\/wp-content\/uploads\/2025\/09\/dans-latelier-1360x1536.jpg 1360w, https:\/\/chateaudeseix.fr\/wp-content\/uploads\/2025\/09\/dans-latelier-1814x2048.jpg 1814w\" sizes=\"(max-width: 907px) 100vw, 907px\" \/>\t\t\t\t\t\t\t\t\t\t\t\t\t<\/div>\n\t\t\t\t<\/div>\n\t\t\t\t\t<\/div>\n\t\t<\/div>\n\t\t\t\t<div class=\"elementor-column elementor-col-66 elementor-top-column elementor-element elementor-element-fffb367\" data-id=\"fffb367\" data-element_type=\"column\">\n\t\t\t<div class=\"elementor-widget-wrap elementor-element-populated\">\n\t\t\t\t\t\t<div class=\"elementor-element elementor-element-0381d46 elementor-widget__width-initial elementor-widget elementor-widget-text-editor\" data-id=\"0381d46\" data-element_type=\"widget\" data-widget_type=\"text-editor.default\">\n\t\t\t\t<div class=\"elementor-widget-container\">\n\t\t\t\t\t\t\t<p><strong><span class=\"a_GcMg font-feature-liga-off font-feature-clig-off font-feature-calt-off text-decoration-none text-strikethrough-none\" style=\"color: rgba(0,0,0,var(--o42jjq,1)); caret-color: #000000; --ys-xuq: none; font-kerning: none;\"><br><\/span><\/strong><\/p><p><strong><span class=\"a_GcMg font-feature-liga-off font-feature-clig-off font-feature-calt-off text-decoration-none text-strikethrough-none\" style=\"color: rgba(0,0,0,var(--o42jjq,1)); caret-color: #000000; --ys-xuq: none; font-kerning: none;\">Originaire des C\u00e9ve<\/span><span class=\"a_GcMg font-feature-liga-off font-feature-clig-off font-feature-calt-off text-decoration-none text-strikethrough-none\" style=\"color: rgba(0,0,0,var(--o42jjq,1)); caret-color: #000000; --ys-xuq: none; font-kerning: none;\">nnes, Laure Boin garde de son enfance parmi les buissons et rivi\u00e8res un imaginaire nourri de nature. Apr\u00e8s une premi\u00e8re carri\u00e8re d\u2019illustratrice et de cr\u00e9atrice, elle revient dans sa r\u00e9gion natale pour renouer avec le dessin et la peinture.<\/span><\/strong><\/p>\n<p><strong><span class=\"a_GcMg font-feature-liga-off font-feature-clig-off font-feature-calt-off text-decoration-none text-strikethrough-none\" style=\"color: rgba(0,0,0,var(--o42jjq,1)); caret-color: #000000; --ys-xuq: none; font-kerning: none;\">Ses toiles naissent d\u2019un geste vif et spontan\u00e9, pinceaux et doigts entrem\u00eal\u00e9s. De pr\u00e8s, elles semblent chaotiques ; de loin, elles r\u00e9v\u00e8lent des paysages luxuriants. L\u2019artiste y traduit la fr\u00e9n\u00e9sie v\u00e9g\u00e9tale, les passages myst\u00e9rieux et la profondeur qui invitent \u00e0 entrer dans la toile. Les petits formats saisis sur le vif en ext\u00e9rieur deviennent \u00e0 l\u2019atelier de grands espaces peints \u00e0 m\u00eame le mur, port\u00e9s par l\u2019ampleur du geste. Les saisons rythment sa palette, le printemps et l\u2019automne l\u2019inspirant particuli\u00e8rement.<\/span><\/strong><\/p>\n<p><strong><span class=\"a_GcMg font-feature-liga-off font-feature-clig-off font-feature-calt-off text-decoration-none text-strikethrough-none\" style=\"color: rgba(0,0,0,var(--o42jjq,1)); caret-color: #000000; --ys-xuq: none; font-kerning: none;\">Artiste plurielle, elle aime explorer d\u2019autres voies : portraits, d\u00e9tournements d\u2019images, cr\u00e9ations textiles ou volumes. Mais au-del\u00e0 de la diversit\u00e9 des techniques, son \u0153uvre s\u2019ancre toujours dans un m\u00eame \u00e9lan sinc\u00e8re : cr\u00e9er pour transmettre une \u00e9motion, fid\u00e8le \u00e0 sa sensibilit\u00e9 et \u00e0 la force \u00e9vocatrice de la nature.<\/span><\/strong><\/p>\t\t\t\t\t\t<\/div>\n\t\t\t\t<\/div>\n\t\t\t\t\t<\/div>\n\t\t<\/div>\n\t\t\t\t\t<\/div>\n\t\t<\/section>\n\t\t\t\t<section class=\"elementor-section elementor-top-section elementor-element elementor-element-bf29f4e elementor-section-boxed elementor-section-height-default elementor-section-height-default\" data-id=\"bf29f4e\" data-element_type=\"section\">\n\t\t\t\t\t\t<div class=\"elementor-container elementor-column-gap-default\">\n\t\t\t\t\t<div class=\"elementor-column elementor-col-100 elementor-top-column elementor-element elementor-element-ce4cfec\" data-id=\"ce4cfec\" data-element_type=\"column\">\n\t\t\t<div class=\"elementor-widget-wrap elementor-element-populated\">\n\t\t\t\t\t\t<div class=\"elementor-element elementor-element-71f9f4a elementor-widget-divider--separator-type-pattern elementor-widget-divider--view-line elementor-widget elementor-widget-divider\" data-id=\"71f9f4a\" data-element_type=\"widget\" data-widget_type=\"divider.default\">\n\t\t\t\t<div class=\"elementor-widget-container\">\n\t\t\t\t\t<div class=\"elementor-divider\" style=\"--divider-pattern-url: url(&quot;data:image\/svg+xml,%3Csvg xmlns=&#039;http:\/\/www.w3.org\/2000\/svg&#039; preserveAspectRatio=&#039;none&#039; overflow=&#039;visible&#039; height=&#039;100%&#039; viewBox=&#039;0 0 20 16&#039; fill=&#039;none&#039; stroke=&#039;black&#039; stroke-width=&#039;1&#039; stroke-linecap=&#039;square&#039; stroke-miterlimit=&#039;10&#039;%3E%3Cg transform=&#039;translate(-12.000000, 0)&#039;%3E%3Cpath d=&#039;M28,0L10,18&#039;\/%3E%3Cpath d=&#039;M18,0L0,18&#039;\/%3E%3Cpath d=&#039;M48,0L30,18&#039;\/%3E%3Cpath d=&#039;M38,0L20,18&#039;\/%3E%3C\/g%3E%3C\/svg%3E&quot;);\">\n\t\t\t<span class=\"elementor-divider-separator\">\n\t\t\t\t\t\t<\/span>\n\t\t<\/div>\n\t\t\t\t<\/div>\n\t\t\t\t<\/div>\n\t\t\t\t\t<\/div>\n\t\t<\/div>\n\t\t\t\t\t<\/div>\n\t\t<\/section>\n\t\t\t\t<section class=\"elementor-section elementor-top-section elementor-element elementor-element-cdaca81 elementor-section-boxed elementor-section-height-default elementor-section-height-default\" data-id=\"cdaca81\" data-element_type=\"section\">\n\t\t\t\t\t\t<div class=\"elementor-container elementor-column-gap-default\">\n\t\t\t\t\t<div class=\"elementor-column elementor-col-33 elementor-top-column elementor-element elementor-element-be2b1d7\" data-id=\"be2b1d7\" data-element_type=\"column\">\n\t\t\t<div class=\"elementor-widget-wrap elementor-element-populated\">\n\t\t\t\t\t\t<div class=\"elementor-element elementor-element-22abc48 elementor-widget elementor-widget-heading\" data-id=\"22abc48\" data-element_type=\"widget\" data-widget_type=\"heading.default\">\n\t\t\t\t<div class=\"elementor-widget-container\">\n\t\t\t<h2 class=\"elementor-heading-title elementor-size-default\"><span class=\"a_GcMg font-feature-liga-off font-feature-clig-off font-feature-calt-off text-decoration-none text-strikethrough-none\" style=\"color: rgba(0,0,0,var(--O42jJQ,1)); caret-color: rgb(0, 0, 0); --Ys-XuQ: none; font-weight: 700; font-style: normal; font-kerning: none;\">Sylvain Konyali : le paysage comme lieu d'encrage<\/span><\/h2>\t\t<\/div>\n\t\t\t\t<\/div>\n\t\t\t\t<div class=\"elementor-element elementor-element-c3bc0f8 elementor-widget__width-initial elementor-widget elementor-widget-image\" data-id=\"c3bc0f8\" data-element_type=\"widget\" data-widget_type=\"image.default\">\n\t\t\t\t<div class=\"elementor-widget-container\">\n\t\t\t\t\t\t\t\t\t\t\t\t\t<img decoding=\"async\" width=\"682\" height=\"1024\" src=\"https:\/\/chateaudeseix.fr\/wp-content\/uploads\/2025\/09\/SylvainKonyali-Credit-photo-Jose-Lure.jpg\" class=\"attachment-large size-large wp-image-678\" alt=\"\" srcset=\"https:\/\/chateaudeseix.fr\/wp-content\/uploads\/2025\/09\/SylvainKonyali-Credit-photo-Jose-Lure.jpg 682w, https:\/\/chateaudeseix.fr\/wp-content\/uploads\/2025\/09\/SylvainKonyali-Credit-photo-Jose-Lure-200x300.jpg 200w\" sizes=\"(max-width: 682px) 100vw, 682px\" \/>\t\t\t\t\t\t\t\t\t\t\t\t\t<\/div>\n\t\t\t\t<\/div>\n\t\t\t\t\t<\/div>\n\t\t<\/div>\n\t\t\t\t<div class=\"elementor-column elementor-col-66 elementor-top-column elementor-element elementor-element-6520f4e\" data-id=\"6520f4e\" data-element_type=\"column\">\n\t\t\t<div class=\"elementor-widget-wrap elementor-element-populated\">\n\t\t\t\t\t\t<div class=\"elementor-element elementor-element-f2e1abf elementor-widget__width-initial elementor-widget elementor-widget-text-editor\" data-id=\"f2e1abf\" data-element_type=\"widget\" data-widget_type=\"text-editor.default\">\n\t\t\t\t<div class=\"elementor-widget-container\">\n\t\t\t\t\t\t\t<p><strong><span class=\"a_GcMg font-feature-liga-off font-feature-clig-off font-feature-calt-off text-decoration-none text-strikethrough-none\" style=\"color: rgba(0,0,0,var(--o42jjq,1)); caret-color: #000000; --ys-xuq: none; font-style: normal; font-kerning: none;\"><br><\/span><\/strong><\/p>\n<p><strong><span class=\"a_GcMg font-feature-liga-off font-feature-clig-off font-feature-calt-off text-decoration-none text-strikethrough-none\" style=\"color: rgba(0,0,0,var(--o42jjq,1)); caret-color: #000000; --ys-xuq: none; font-style: normal; font-kerning: none;\"><\/span><span class=\"a_GcMg font-feature-liga-off font-feature-clig-off font-feature-calt-off text-decoration-none text-strikethrough-none\" style=\"color: rgba(0,0,0,var(--o42jjq,1)); caret-color: #000000; --ys-xuq: none; font-style: normal; font-kerning: none;\">Form\u00e9 \u00e0 la gravure en Italie et en Belgique, Sylvain Konyali explore sans cesse ses techniques et leurs liens avec les mat\u00e9riaux. Longtemps attach\u00e9 au m\u00e9tal, il s\u2019oriente en Ari\u00e8ge vers le bois, plus accessible et propice aux grands formats. Il chine des planches de r\u00e9cup\u00e9ration et adopte la technique de la plaque perdue : chaque \u00e9tape d\u2019impression d\u00e9truit la matrice, qu\u2019il recycle ensuite comme bardage de cabanes. Ainsi, la gravure quitte la feuille pour rejoindre l\u2019architecture.<\/span><\/strong><\/p>\n<p><strong><span class=\"a_GcMg font-feature-liga-off font-feature-clig-off font-feature-calt-off text-decoration-none text-strikethrough-none\" style=\"color: rgba(0,0,0,var(--o42jjq,1)); caret-color: #000000; --ys-xuq: none; font-style: normal; font-kerning: none;\">Son int\u00e9r\u00eat se porte aussi sur la couleur et les encres. \u00c0 Bilbao, il exp\u00e9rimente des mortiers naturels, puis apprend \u00e0 extraire pigments et teintures v\u00e9g\u00e9tales au Jardin Conservatoire de Lauris. Cette recherche l\u2019am\u00e8ne \u00e0 travailler des encres vivantes, inscrites dans une logique de ressources locales et renouvelables.<\/span><\/strong><\/p>\n<p><strong><span class=\"a_GcMg font-feature-liga-off font-feature-clig-off font-feature-calt-off text-decoration-none text-strikethrough-none\" style=\"color: rgba(0,0,0,var(--o42jjq,1)); caret-color: #000000; --ys-xuq: none; font-style: normal; font-kerning: none;\">Au Portugal, il d\u00e9couvre le Moku Hanga, gravure japonaise sur bois avec encres \u00e0 l\u2019eau et colle de riz. Ce proc\u00e9d\u00e9, pr\u00e9cis et respectueux de l\u2019environnement, devient central dans sa d\u00e9marche. \u00c0 chaque \u00e9tape, Sylvain Konyali relie technique, mati\u00e8re et lieu, ancrant sa pratique dans une \u00e9conomie de moyens et une attention au cycle des mat\u00e9riaux.<\/span><\/strong><\/p>\t\t\t\t\t\t<\/div>\n\t\t\t\t<\/div>\n\t\t\t\t\t<\/div>\n\t\t<\/div>\n\t\t\t\t\t<\/div>\n\t\t<\/section>\n\t\t\t\t<section class=\"elementor-section elementor-top-section elementor-element elementor-element-3e773db elementor-section-boxed elementor-section-height-default elementor-section-height-default\" data-id=\"3e773db\" data-element_type=\"section\">\n\t\t\t\t\t\t<div class=\"elementor-container elementor-column-gap-default\">\n\t\t\t\t\t<div class=\"elementor-column elementor-col-100 elementor-top-column elementor-element elementor-element-c8da42a\" data-id=\"c8da42a\" data-element_type=\"column\">\n\t\t\t<div class=\"elementor-widget-wrap\">\n\t\t\t\t\t\t\t<\/div>\n\t\t<\/div>\n\t\t\t\t\t<\/div>\n\t\t<\/section>\n\t\t\t\t<\/div>\n\t\t","protected":false},"excerpt":{"rendered":"<p>Du 13 septembre au 2 novembre 2025 Laure Boin : la profondeur de la toile Originaire des C\u00e9vennes, Laure Boin garde de son enfance parmi les buissons et rivi\u00e8res un imaginaire nourri de nature. Apr\u00e8s une premi\u00e8re carri\u00e8re d\u2019illustratrice et de cr\u00e9atrice, elle revient dans sa r\u00e9gion natale pour renouer avec le dessin et la [&hellip;]<\/p>\n","protected":false},"author":1,"featured_media":0,"parent":0,"menu_order":0,"comment_status":"closed","ping_status":"closed","template":"","meta":{"ocean_post_layout":"","ocean_both_sidebars_style":"","ocean_both_sidebars_content_width":0,"ocean_both_sidebars_sidebars_width":0,"ocean_sidebar":"","ocean_second_sidebar":"","ocean_disable_margins":"enable","ocean_add_body_class":"","ocean_shortcode_before_top_bar":"","ocean_shortcode_after_top_bar":"","ocean_shortcode_before_header":"","ocean_shortcode_after_header":"","ocean_has_shortcode":"","ocean_shortcode_after_title":"","ocean_shortcode_before_footer_widgets":"","ocean_shortcode_after_footer_widgets":"","ocean_shortcode_before_footer_bottom":"","ocean_shortcode_after_footer_bottom":"","ocean_display_top_bar":"default","ocean_display_header":"default","ocean_header_style":"","ocean_center_header_left_menu":"","ocean_custom_header_template":"","ocean_custom_logo":0,"ocean_custom_retina_logo":0,"ocean_custom_logo_max_width":0,"ocean_custom_logo_tablet_max_width":0,"ocean_custom_logo_mobile_max_width":0,"ocean_custom_logo_max_height":0,"ocean_custom_logo_tablet_max_height":0,"ocean_custom_logo_mobile_max_height":0,"ocean_header_custom_menu":"","ocean_menu_typo_font_family":"","ocean_menu_typo_font_subset":"","ocean_menu_typo_font_size":0,"ocean_menu_typo_font_size_tablet":0,"ocean_menu_typo_font_size_mobile":0,"ocean_menu_typo_font_size_unit":"px","ocean_menu_typo_font_weight":"","ocean_menu_typo_font_weight_tablet":"","ocean_menu_typo_font_weight_mobile":"","ocean_menu_typo_transform":"","ocean_menu_typo_transform_tablet":"","ocean_menu_typo_transform_mobile":"","ocean_menu_typo_line_height":0,"ocean_menu_typo_line_height_tablet":0,"ocean_menu_typo_line_height_mobile":0,"ocean_menu_typo_line_height_unit":"","ocean_menu_typo_spacing":0,"ocean_menu_typo_spacing_tablet":0,"ocean_menu_typo_spacing_mobile":0,"ocean_menu_typo_spacing_unit":"","ocean_menu_link_color":"","ocean_menu_link_color_hover":"","ocean_menu_link_color_active":"","ocean_menu_link_background":"","ocean_menu_link_hover_background":"","ocean_menu_link_active_background":"","ocean_menu_social_links_bg":"","ocean_menu_social_hover_links_bg":"","ocean_menu_social_links_color":"","ocean_menu_social_hover_links_color":"","ocean_disable_title":"default","ocean_disable_heading":"default","ocean_post_title":"","ocean_post_subheading":"","ocean_post_title_style":"","ocean_post_title_background_color":"","ocean_post_title_background":0,"ocean_post_title_bg_image_position":"","ocean_post_title_bg_image_attachment":"","ocean_post_title_bg_image_repeat":"","ocean_post_title_bg_image_size":"","ocean_post_title_height":0,"ocean_post_title_bg_overlay":0.5,"ocean_post_title_bg_overlay_color":"","ocean_disable_breadcrumbs":"default","ocean_breadcrumbs_color":"","ocean_breadcrumbs_separator_color":"","ocean_breadcrumbs_links_color":"","ocean_breadcrumbs_links_hover_color":"","ocean_display_footer_widgets":"default","ocean_display_footer_bottom":"default","ocean_custom_footer_template":"","footnotes":""},"class_list":["post-74","page","type-page","status-publish","hentry","entry"],"_links":{"self":[{"href":"https:\/\/chateaudeseix.fr\/index.php?rest_route=\/wp\/v2\/pages\/74","targetHints":{"allow":["GET"]}}],"collection":[{"href":"https:\/\/chateaudeseix.fr\/index.php?rest_route=\/wp\/v2\/pages"}],"about":[{"href":"https:\/\/chateaudeseix.fr\/index.php?rest_route=\/wp\/v2\/types\/page"}],"author":[{"embeddable":true,"href":"https:\/\/chateaudeseix.fr\/index.php?rest_route=\/wp\/v2\/users\/1"}],"replies":[{"embeddable":true,"href":"https:\/\/chateaudeseix.fr\/index.php?rest_route=%2Fwp%2Fv2%2Fcomments&post=74"}],"version-history":[{"count":41,"href":"https:\/\/chateaudeseix.fr\/index.php?rest_route=\/wp\/v2\/pages\/74\/revisions"}],"predecessor-version":[{"id":737,"href":"https:\/\/chateaudeseix.fr\/index.php?rest_route=\/wp\/v2\/pages\/74\/revisions\/737"}],"wp:attachment":[{"href":"https:\/\/chateaudeseix.fr\/index.php?rest_route=%2Fwp%2Fv2%2Fmedia&parent=74"}],"curies":[{"name":"wp","href":"https:\/\/api.w.org\/{rel}","templated":true}]}}